{"id":1046,"date":"2018-05-23T21:38:57","date_gmt":"2018-05-23T19:38:57","guid":{"rendered":"http:\/\/www.inmystream.info\/web\/?page_id=1046"},"modified":"2018-05-24T22:08:47","modified_gmt":"2018-05-24T20:08:47","slug":"privacy-policy","status":"publish","type":"page","link":"https:\/\/www.inmystream.info\/web\/privacy-policy\/","title":{"rendered":"Privacy Policy"},"content":{"rendered":"<div class=\"entry-content\" itemprop=\"text\">\n<h3>TITOLARE DEL TRATTAMENTO DEI DATI<\/h3>\n<p><strong>Nome Societ\u00e0:<\/strong> inmystream di Barbara Pieristi<br \/>\n<strong>Legale Rappresentante:<\/strong>\u00a0Barbara Pieristi<br \/>\n<strong>Sede Legale:<\/strong> Via Fondachelli Fantina 12 00133 ROMA<br \/>\n<strong>P.IVA<\/strong> 12210511007 &#8211; <strong>Cod. Fiscale<\/strong> PRSBBR81B66H501H<\/p>\n<p><strong>Indirizzo email del Titolare<\/strong>:\u00a0<a href=\"mailto:inmystream@gmail.com\">inmystream@gmail.com<\/a><\/p>\n<h3><\/h3>\n<h3>INTRODUZIONE<\/h3>\n<p>La presente Informativa ha lo scopo di informare l\u2019utente circa le modalit\u00e0 di trattamento dei dati personali che lo riguardano.<\/p>\n<p><strong>inmystream<\/strong> in linea con il D.lgs. 196\/2003 (\u201c<strong>Codice Privacy<\/strong>\u201c) e il Regolamento UE 2016\/679 (\u201c<strong>GDPR<\/strong>\u201c), intende garantire la privacy e la sicurezza dei dati personali di ciascun visitatore coerentemente con quanto prescritto nella presente informativa\u00a0ai sensi dell\u2019art. 13 del Codice Privacy e degli artt. 13 e 14 del GDPR.<\/p>\n<p>&nbsp;<\/p>\n<h3>TIPOLOGIA DI DATI TRATTATI<\/h3>\n<p>Il nostro sito web offre contenuti di tipo informativo e interattivo. Durante la navigazione del sito <strong>inmystream<\/strong> potr\u00e0, quindi, acquisire informazioni sul visitatore, nei seguenti modi:<\/p>\n<p><strong>Dati di navigazione<\/strong><br \/>\nI sistemi informatici e le procedure software preposte al funzionamento di questo sito web acquisiscono, nel corso del loro normale esercizio, alcuni dati personali la cui trasmissione \u00e8 implicita nell\u2019uso dei protocolli di comunicazione di Internet. In questa categoria di dati rientrano: gli indirizzi IP, il tipo di browser utilizzato, il sistema operativo, il nome di dominio e gli indirizzi di siti web dai quali \u00e8 stato effettuato l\u2019accesso, le informazioni sulle pagine visitate dagli utenti all\u2019interno del sito, l\u2019orario d\u2019accesso, la permanenza sulla singola pagina, l\u2019analisi di percorso interno ed altri parametri relativi al sistema operativo e all\u2019ambiente informatico dell\u2019utente.<\/p>\n<p><strong>Ulteriori categorie di dati<\/strong><br \/>\nSi tratta di tutti quei dati personali forniti dal visitatore attraverso il sito, ad esempio, registrandosi oppure accedendo ad aree riservate, ad un servizio o partecipando a una delle iniziative proposte da <strong>inmystream<\/strong> talvolta in partnership con soggetti terzi, scrivendo ad un indirizzo di posta elettronica di <strong>inmystream<\/strong> per richiedere informazioni oppure telefonando ad un nostro numero per avere un contatto diretto.<\/p>\n<p><strong>inmystream<\/strong> ha adottato le opportune misure di sicurezza volte ad impedire l\u2019accesso, la divulgazione, la modifica o la distruzione non autorizzate dei dati personali.<br \/>\nIl trattamento viene effettuato mediante strumenti informatici e\/o telematici, con modalit\u00e0 organizzative e con logiche strettamente correlate alle finalit\u00e0 indicate. Oltre al Titolare, in alcuni casi, potrebbero avere accesso ai Dati altri soggetti coinvolti nell\u2019organizzazione di questo sito (personale amministrativo, commerciale, marketing, legali, amministratori di sistema) oppure soggetti esterni (come fornitori di servizi tecnici terzi, corrieri postali, hosting provider, societ\u00e0 informatiche, agenzie di comunicazione). L\u2019elenco aggiornato dei Responsabili potr\u00e0 sempre essere richiesto al Titolare del Trattamento.<\/p>\n<p>&nbsp;<\/p>\n<h3>FINALIT\u00c0 DEL TRATTAMENTO DATI<\/h3>\n<ul>\n<li>Rilevare l\u2019esperienza dell\u2019utente nell\u2019uso delle nostre piattaforme, dei servizi che offriamo e assicurare il corretto funzionamento delle pagine web e dei loro contenuti. (1)<\/li>\n<li>Inviare comunicazioni commerciali relative a promozioni oppure offerte per le quali l\u2019utente potrebbe aver diritto a beneficiare.<\/li>\n<li>Svolgere attivit\u00e0 di profilazione ossia di analisi e elaborazione di informazioni relative all\u2019utente, alle sue preferenze, abitudini, scelte di consumo ed esperienze di navigazione. Tale attivit\u00e0 viene effettuata anche mediante l\u2019utilizzo di tecnologie quali i cookie (per maggiori informazioni si rimanda al capitolo\u00a0<strong>\u201cCookie Policy\u201d<\/strong>). (1)<\/li>\n<\/ul>\n<p>(1) I trattamenti posti in essere per queste finalit\u00e0 vengono effettuati con lo specifico consenso fornito dall\u2019utente il quale dovr\u00e0 accettare la presente policy al primo ingresso al sito.<\/p>\n<p>(2)\u00a0I trattamenti posti in essere per queste finalit\u00e0 vengono effettuati con lo specifico consenso fornito dall\u2019utente durante la propria registrazione al sito.<\/p>\n<p>&nbsp;<\/p>\n<h3>MODALIT\u00c0 DI TRATTAMENTO E LUOGO DI CONSERVAZIONE DEI DATI<\/h3>\n<p>Il trattamento dei dati personali viene effettuato prevalentemente utilizzando procedure e supporti elettronici (Database, piattaforma di CRM, etc.) per il tempo strettamente necessario a conseguire gli scopi per i quali i dati sono stati raccolti e, comunque, in conformit\u00e0 ai principi di correttezza, non eccedenza e pertinenza previsti dalla vigente normativa privacy.<\/p>\n<p>I Dati sono trattati presso le sedi operative del Titolare ed in ogni altro luogo in cui le parti coinvolte nel trattamento siano localizzate. Per ulteriori informazioni, contatta il Titolare.<br \/>\nI Dati Personali dell\u2019Utente potrebbero essere trasferiti in un paese diverso da quello in cui l\u2019Utente si trova. Per ottenere ulteriori informazioni sul luogo del trattamento l\u2019Utente pu\u00f2 contattare il Titolare.<\/p>\n<p>&nbsp;<\/p>\n<h3>DURATA DI CONSERVAZIONE DEI DATI<\/h3>\n<p>I Dati Personali raccolti per scopi collegati all\u2019esecuzione di un contratto tra il Titolare e l\u2019Utente saranno trattenuti sino a quando sia completata l\u2019esecuzione di tale contratto.<br \/>\nI Dati Personali raccolti per finalit\u00e0 riconducibili all\u2019interesse legittimo del Titolare saranno trattenuti sino al soddisfacimento di tale interesse.<br \/>\nQuando il trattamento \u00e8 basato sul consenso dell\u2019Utente, il Titolare pu\u00f2 conservare i Dati Personali pi\u00f9 a lungo sino a quando detto consenso non venga revocato.<br \/>\nInoltre il Titolare potrebbe essere obbligato a conservare i Dati Personali per un periodo pi\u00f9 lungo in ottemperanza ad un obbligo di legge o per ordine di un\u2019autorit\u00e0.<\/p>\n<p>Al termine del periodo di conservazione i Dati Personali saranno cancellati. Pertanto, allo spirare di tale termine il diritto di accesso, cancellazione, rettificazione ed il diritto alla portabilit\u00e0 dei Dati non potranno pi\u00f9 essere esercitati.<\/p>\n<p>&nbsp;<\/p>\n<h3>COLLEGAMENTO VERSO\/DA SITI TERZI<\/h3>\n<p>Da questo sito web \u00e8 possibile collegarsi, mediante appositi link, ad altri siti web di altre societ\u00e0: \u00e8 possibile quindi raggiungere dei siti web di terzi direttamente dal nostro sito web.<br \/>\nIl Titolare declina qualsiasi responsabilit\u00e0 in merito all\u2019eventuale richiesta oppure rilascio di dati personali a siti terzi e in ordine alla gestione delle credenziali di autenticazione fornite da soggetti terzi.<\/p>\n<p>&nbsp;<\/p>\n<h3>SOCIAL PLUGIN<\/h3>\n<p>Il sito web pu\u00f2 utilizzare i social plug-in. I social plug-in sono speciali strumenti che permettono di incorporare le funzionalit\u00e0 del social network direttamente all\u2019interno del sito web (ad es. la funzione \u201cmi piace\u201d di Facebook oppure la funzione \u201ccondividi\u201d presente in sul sito e sui social identificabili nel sito).<br \/>\nTutti i social plug-in presenti nel sito sono contrassegnati dal rispettivo logo di propriet\u00e0 della piattaforma di social network (ad es. Facebook, Google, Twitter, Pinterest, YouTube).<br \/>\nQuando si visita una pagina del sito e si interagisce con il plug-in (ad es. cliccando il pulsante \u201cMi piace\u201d oppure \u201cCondividi\u201d) le corrispondenti informazioni vengono trasmesse dal browser direttamente alla piattaforma del social network e da questo memorizzate.<br \/>\nPer informazioni sulle finalit\u00e0, il tipo e le modalit\u00e0 di raccolta, elaborazione, utilizzo e conservazione dei dati personali da parte delle piattaforme di social network, nonch\u00e9 per le modalit\u00e0 attraverso cui esercitare i propri diritti, si prega di consultare la politica privacy adottata dal singolo social network.<\/p>\n<p>&nbsp;<\/p>\n<h3 id=\"data_processing_detailed_info\">DETTAGLI SUL TRATTAMENTO DEI DATI PERSONALI<\/h3>\n<p>I Dati Personali sono raccolti per le seguenti finalit\u00e0 ed utilizzando i seguenti servizi:<\/p>\n<p><strong><em>[elenco dei servizi personalizzato]<\/em><\/strong><\/p>\n<p>&nbsp;<\/p>\n<h3>DIRITTI DEGLI INTERESSATI<\/h3>\n<p>Gli Utenti possono esercitare determinati diritti con riferimento ai Dati trattati dal Titolare.<\/p>\n<p>In particolare, l\u2019Utente ha il diritto di:<\/p>\n<ul>\n<li><strong>revocare il consenso in ogni momento<\/strong>. L\u2019Utente pu\u00f2 revocare il consenso al trattamento dei propri Dati Personali precedentemente espresso.<br \/>\nopporsi al trattamento dei propri Dati. L\u2019Utente pu\u00f2 opporsi al trattamento dei propri Dati quando esso avviene su una base giuridica diversa dal consenso. Ulteriori dettagli sul diritto di opposizione sono indicati nella sezione sottostante.<\/li>\n<li><strong>accedere ai propri Dati<\/strong>. L\u2019Utente ha diritto ad ottenere informazioni sui Dati trattati dal Titolare, su determinati aspetti del trattamento ed a ricevere una copia dei Dati trattati.<\/li>\n<li><strong>verificare e chiedere la rettificazione<\/strong>. L\u2019Utente pu\u00f2 verificare la correttezza dei propri Dati e richiederne l\u2019aggiornamento o la correzione.<\/li>\n<li><strong>ottenere la limitazione del trattamento<\/strong>. Quando ricorrono determinate condizioni, l\u2019Utente pu\u00f2 richiedere la limitazione del trattamento dei propri Dati. In tal caso il Titolare non tratter\u00e0 i Dati per alcun altro scopo se non la loro conservazione.<\/li>\n<li><strong>ottenere la cancellazione o rimozione dei propri Dati Personali<\/strong>. Quando ricorrono determinate condizioni, l\u2019Utente pu\u00f2 richiedere la cancellazione dei propri Dati da parte del Titolare.<\/li>\n<li><strong>ricevere i propri Dati o farli trasferire ad altro titolare<\/strong>. L\u2019Utente ha diritto di ricevere i propri Dati in formato strutturato, di uso comune e leggibile da dispositivo automatico e, ove tecnicamente fattibile, di ottenerne il trasferimento senza ostacoli ad un altro titolare. Questa disposizione \u00e8 applicabile quando i Dati sono trattati con strumenti automatizzati ed il trattamento \u00e8 basato sul consenso dell\u2019Utente, su un contratto di cui l\u2019Utente \u00e8 parte o su misure contrattuali ad esso connesse.<\/li>\n<li><strong>proporre reclamo<\/strong>. L\u2019Utente pu\u00f2 proporre un reclamo all\u2019autorit\u00e0 di controllo della protezione dei dati personali competente o agire in sede giudiziale.<\/li>\n<\/ul>\n<h4>DETTAGLI SUL DIRITTO DI OPPOSIZIONE<\/h4>\n<p>Quando i Dati Personali sono trattati nell\u2019interesse pubblico, nell\u2019esercizio di pubblici poteri di cui \u00e8 investito il Titolare oppure per perseguire un interesse legittimo del Titolare, gli Utenti hanno diritto ad opporsi al trattamento per motivi connessi alla loro situazione particolare.<\/p>\n<p>Si fa presente agli Utenti che, ove i loro Dati fossero trattati con finalit\u00e0 di marketing diretto, possono opporsi al trattamento senza fornire alcuna motivazione. Per scoprire se il Titolare tratti dati con finalit\u00e0 di marketing diretto gli Utenti possono fare riferimento alle rispettive sezioni di questo documento.<\/p>\n<h4>COME ESERCITARE I DIRITTI<\/h4>\n<p>Per esercitare i diritti dell\u2019Utente, gli Utenti possono indirizzare una richiesta agli estremi di contatto del Titolare indicati in questo documento. Le richieste sono depositate a titolo gratuito e evase dal Titolare nel pi\u00f9 breve tempo possibile.<\/p>\n<p>&nbsp;<\/p>\n<h3>COOKIE POLICY<\/h3>\n<h4>COSA SONO I COOKIE?<\/h4>\n<p>I Cookie sono pacchetti di informazioni inviate da un web server (es. il sito) al browser Internet dell\u2019utente, da quest\u2019ultimo memorizzati automaticamente sul computer e rinviati automaticamente al server ad ogni successivo accesso al sito.<br \/>\nPer default quasi tutti i browser web sono impostati per accettare automaticamente i cookie.<br \/>\nTipicamente i cookie possono essere installati:<\/p>\n<ul>\n<li>direttamente dal proprietario e\/o responsabile del sito web (c.d. cookie di prima parte);<\/li>\n<li>da responsabili estranei al sito web visitato dall\u2019utente (c.d. cookie di terza parte). Ove non diversamente specificato, si rammenta che questi cookie ricadono sotto la diretta ed esclusiva responsabilit\u00e0 dello stesso gestore. Ulteriori informazioni sulla privacy e sul loro uso sono reperibili direttamente sui siti dei rispettivi gestori.<\/li>\n<\/ul>\n<p>Questo sito web pu\u00f2 utilizzare, anche in combinazione tra di loro i seguenti tipi di cookie classificati in base alle indicazioni del Garante Privacy e dei Pareri emessi in ambito Europeo dal Gruppo di Lavoro ex art. 29 del GDPR:<\/p>\n<ul>\n<li><b>Sessione,<\/b>\u00a0sono i cookie che non vengono memorizzati in modo persistente sul computer dell\u2019utente e si cancellano con la chiusura del browser, sono strettamente limitati alla trasmissione di identificativi di sessione necessari per consentire l\u2019esplorazione sicura ed efficiente del sito evitando il ricorso ad altre tecniche informatiche potenzialmente pregiudizievoli per la riservatezza della navigazione degli utenti.<\/li>\n<li><b>Persistenti,<\/b>\u00a0sono i cookie che rimangono memorizzati sul disco rigido del computer fino alla loro scadenza o cancellazione da parte degli utenti\/visitatori. Tramite i cookie persistenti i visitatori che accedono al sito (o eventuali altri utenti che impiegano il medesimo computer) vengono automaticamente riconosciuti ad ogni visita. I visitatori possono impostare il browser del computer in modo tale che accetti\/rifiuti tutti i cookie o visualizzi un avviso ogni qual volta viene proposto un cookie, per poter valutare se accettarlo o meno. L\u2019utente pu\u00f2, comunque, modificare la configurazione predefinita e disabilitare i cookie (cio\u00e8 bloccarli in via definitiva), impostando il livello di protezione pi\u00f9 elevato.<\/li>\n<li><b>Tecnici,<\/b>\u00a0sono i cookie utilizzati per autenticarsi, per usufruire di contenuti multimediali tipo flash player o per consentire la scelta della lingua di navigazione. In generale non \u00e8 quindi necessario acquisire il consenso preventivo e informato dell\u2019utente. Rientrano in questa fattispecie anche i cookie utilizzati per analizzare statisticamente gli accessi\/le visite al sito solo se utilizzati esclusivamente per scopi statistici e tramite la raccolta di informazioni in forma aggregata.<\/li>\n<li><b>Non tecnici,<\/b>\u00a0sono tutti i cookie usati per finalit\u00e0 di profilazione e marketing. Il loro utilizzo sui terminali degli utenti \u00e8 vietato se questi non siano stati prima adeguatamente informati e non abbiano prestato al riguardo un valido consenso secondo la tecnica dell\u2019opt-in. Questi tipi di cookie sono, a loro volta, raggruppabili in base alle funzioni che assolvono in:<\/li>\n<li><b>Analitycs<\/b>. sono i cookie utilizzati per raccogliere ed analizzare informazioni statistiche sugli accessi\/le visite al sito web. In alcuni casi, associati ad altre informazioni quali le credenziali inserite per l\u2019accesso ad aree riservate (il proprio indirizzo di posta elettronica e la password), possono essere utilizzate per profilare l\u2019utente (abitudini personali, siti visitati, contenuti scaricati, tipi di interazioni effettuate, ecc.).<\/li>\n<li><b>Widgets<\/b>, rientrano in questa categoria tutti quei componenti grafici di una interfaccia utente di un programma, che ha lo scopo di facilitare l\u2019utente nell\u2019interazione con il programma stesso. A titolo esemplificativo sono widget i cookie di facebook, google+, twitter.<\/li>\n<li><b>Advertsing<\/b>, rientrano in questa categoria i cookie utilizzati per fare pubblicit\u00e0 all\u2019interno di un sito. Google, Tradedoubler rientrano in questa categoria.<\/li>\n<li><b>Web beacons<\/b>, rientrano in questa categoria i frammenti di codice che consentono a un sito web di trasferire o raccogliere informazioni attraverso la richiesta di un\u2019immagine grafica. I siti web possono utilizzarli per diversi fini, quali l\u2019analisi dell\u2019uso dei siti web, attivit\u00e0 di controllo e reportistica sulle pubblicit\u00e0 e la personalizzazione di pubblicit\u00e0 e contenuti.<\/li>\n<\/ul>\n<h4>COOKIE TECNICI CHE NON RICHIEDONO CONSENSO<\/h4>\n<p><strong>inmystream<\/strong> installer\u00e0 sul dispositivo dell\u2019utente e, in particolare, nel suo browser o lascer\u00e0 installare a terzi alcuni cookie che sono necessari per acquisire o far acquisire ad alcuni partner informazioni statistiche in forma anonima e aggregata relative alla navigazione sulle pagine del sito.<\/p>\n<p>Si tratta, in particolare, dei cookie relativi ai seguenti servizi di analisi statistica:<\/p>\n<dl class=\"cookies-list\">\n<dt>Google Analytics<\/dt>\n<dd><a href=\"https:\/\/support.google.com\/analytics\/answer\/2763052?hl=it\" target=\"_blank\" rel=\"noopener\">https:\/\/support.google.com\/analytics\/answer\/2763052?hl=it<\/a><\/dd>\n<\/dl>\n<p>&nbsp;<\/p>\n<h3>COME DISABILITARE I COOKIE MEDIANTE CONFIGURAZIONE DEL BROWSER<\/h3>\n<p>L\u2019Utente pu\u00f2 gestire direttamente i cookie anche attraverso le impostazioni del suo browser. Tuttavia, cancellando i cookies dal browser potrebbe rimuovere le preferenze che ha impostato per i sitiper questo sarebbe opportuno che visitasse periodicamente questa pagina per ricontrollare le sue preferenze.<\/p>\n<p>Per ulteriori informazioni e supporto \u00e8 possibile anche visitare la pagina di aiuto specifica del web browser che si sta utilizzando:<\/p>\n<ul>\n<li><a href=\"http:\/\/windows.microsoft.com\/en-us\/windows-vista\/block-or-allow-cookies\" target=\"_blank\" rel=\"noopener\">Internet Explorer<\/a><\/li>\n<li><a href=\"https:\/\/support.mozilla.org\/en-us\/kb\/enable-and-disable-cookies-website-preferences?redirectlocale=en-us&amp;redirectslug=enabling+and+disabling+cookies\" target=\"_blank\" rel=\"noopener\">Firefox<\/a><\/li>\n<li><a href=\"http:\/\/www.apple.com\/legal\/privacy\/it\/\" target=\"_blank\" rel=\"noopener\">Safari<\/a><\/li>\n<li><a href=\"https:\/\/support.google.com\/accounts\/answer\/61416?hl=it\" target=\"_blank\" rel=\"noopener\">Chrome<\/a><\/li>\n<li><a href=\"http:\/\/www.opera.com\/help\/tutorials\/security\/cookies\/\" target=\"_blank\" rel=\"noopener\">Opera<\/a><\/li>\n<\/ul>\n<p>&nbsp;<\/p>\n<p><em>Documento assoggettato a revisioni &#8211; ultima revisione effettuata il 23.05.2018<\/em><\/p>\n\n\n<\/div>\n","protected":false},"excerpt":{"rendered":"<div class=\"entry-summary\" itemprop=\"text\">\n<p>TITOLARE DEL TRATTAMENTO DEI DATI Nome Societ\u00e0: inmystream di Barbara Pieristi Legale Rappresentante:\u00a0Barbara Pieristi Sede Legale: Via Fondachelli Fantina 12 00133 ROMA P.IVA 12210511007 &#8211; Cod. Fiscale PRSBBR81B66H501H Indirizzo email del Titolare:\u00a0inmystream@gmail.com INTRODUZIONE La presente Informativa ha lo scopo di informare l\u2019utente circa le modalit\u00e0 di trattamento dei dati personali che lo riguardano. inmystream in &#8230;<\/p>\n\n<\/div>\n","protected":false},"author":1,"featured_media":0,"parent":0,"menu_order":0,"comment_status":"closed","ping_status":"closed","template":"","meta":{"footnotes":""},"class_list":["post-1046","page","type-page","status-publish","hentry","entry-lead"],"_links":{"self":[{"href":"https:\/\/www.inmystream.info\/web\/wp-json\/wp\/v2\/pages\/1046","targetHints":{"allow":["GET"]}}],"collection":[{"href":"https:\/\/www.inmystream.info\/web\/wp-json\/wp\/v2\/pages"}],"about":[{"href":"https:\/\/www.inmystream.info\/web\/wp-json\/wp\/v2\/types\/page"}],"author":[{"embeddable":true,"href":"https:\/\/www.inmystream.info\/web\/wp-json\/wp\/v2\/users\/1"}],"replies":[{"embeddable":true,"href":"https:\/\/www.inmystream.info\/web\/wp-json\/wp\/v2\/comments?post=1046"}],"version-history":[{"count":9,"href":"https:\/\/www.inmystream.info\/web\/wp-json\/wp\/v2\/pages\/1046\/revisions"}],"predecessor-version":[{"id":1068,"href":"https:\/\/www.inmystream.info\/web\/wp-json\/wp\/v2\/pages\/1046\/revisions\/1068"}],"wp:attachment":[{"href":"https:\/\/www.inmystream.info\/web\/wp-json\/wp\/v2\/media?parent=1046"}],"curies":[{"name":"wp","href":"https:\/\/api.w.org\/{rel}","templated":true}]}}